{"id":926,"date":"2020-05-05T18:01:07","date_gmt":"2020-05-05T16:01:07","guid":{"rendered":"http:\/\/muzeumewolucji.pl\/?page_id=926"},"modified":"2022-04-27T13:34:13","modified_gmt":"2022-04-27T11:34:13","slug":"historia-powstania","status":"publish","type":"page","link":"https:\/\/muzeumewolucji.pl\/?page_id=926","title":{"rendered":"Historia powstania Muzeum"},"content":{"rendered":"\t\t<div data-elementor-type=\"wp-page\" data-elementor-id=\"926\" class=\"elementor elementor-926\">\n\t\t\t\t\t\t\t\t\t<section class=\"elementor-section elementor-top-section elementor-element elementor-element-1e351e02 elementor-section-boxed elementor-section-height-default elementor-section-height-default\" data-id=\"1e351e02\" data-element_type=\"section\">\n\t\t\t\t\t\t<div class=\"elementor-container elementor-column-gap-default\">\n\t\t\t\t\t<div class=\"elementor-column elementor-col-100 elementor-top-column elementor-element elementor-element-32ca2bad\" data-id=\"32ca2bad\" data-element_type=\"column\">\n\t\t\t<div class=\"elementor-widget-wrap elementor-element-populated\">\n\t\t\t\t\t\t\t\t<div class=\"elementor-element elementor-element-104595c5 elementor-widget elementor-widget-heading\" data-id=\"104595c5\" data-element_type=\"widget\" data-widget_type=\"heading.default\">\n\t\t\t\t<div class=\"elementor-widget-container\">\n\t\t\t<h3 class=\"elementor-heading-title elementor-size-default\">Historia powstania Muzeum<\/h3>\t\t<\/div>\n\t\t\t\t<\/div>\n\t\t\t\t\t<\/div>\n\t\t<\/div>\n\t\t\t\t\t\t\t<\/div>\n\t\t<\/section>\n\t\t\t\t<section class=\"elementor-section elementor-top-section elementor-element elementor-element-40dede41 elementor-section-boxed elementor-section-height-default elementor-section-height-default\" data-id=\"40dede41\" data-element_type=\"section\">\n\t\t\t\t\t\t<div class=\"elementor-container elementor-column-gap-default\">\n\t\t\t\t\t<div class=\"elementor-column elementor-col-100 elementor-top-column elementor-element elementor-element-3fa030d6\" data-id=\"3fa030d6\" data-element_type=\"column\">\n\t\t\t<div class=\"elementor-widget-wrap elementor-element-populated\">\n\t\t\t\t\t\t\t\t<div class=\"elementor-element elementor-element-31a1320f elementor-widget elementor-widget-text-editor\" data-id=\"31a1320f\" data-element_type=\"widget\" data-widget_type=\"text-editor.default\">\n\t\t\t\t<div class=\"elementor-widget-container\">\n\t\t\t\t\t\t\t<h6 style=\"padding-left: 40px;\"><a href=\"http:\/\/muzeumewolucji.pl\/?page_id=904\">\u2022 O Muzeum<\/a><\/h6>\t\t\t\t\t\t<\/div>\n\t\t\t\t<\/div>\n\t\t\t\t\t<\/div>\n\t\t<\/div>\n\t\t\t\t\t\t\t<\/div>\n\t\t<\/section>\n\t\t\t\t<section class=\"elementor-section elementor-top-section elementor-element elementor-element-0cc41e8 elementor-section-boxed elementor-section-height-default elementor-section-height-default\" data-id=\"0cc41e8\" data-element_type=\"section\">\n\t\t\t\t\t\t<div class=\"elementor-container elementor-column-gap-default\">\n\t\t\t\t\t<div class=\"elementor-column elementor-col-100 elementor-top-column elementor-element elementor-element-8091e93\" data-id=\"8091e93\" data-element_type=\"column\">\n\t\t\t<div class=\"elementor-widget-wrap elementor-element-populated\">\n\t\t\t\t\t\t\t\t<div class=\"elementor-element elementor-element-c9a2cb3 elementor-widget-divider--view-line elementor-widget elementor-widget-divider\" data-id=\"c9a2cb3\" data-element_type=\"widget\" data-widget_type=\"divider.default\">\n\t\t\t\t<div class=\"elementor-widget-container\">\n\t\t\t\t\t<div class=\"elementor-divider\">\n\t\t\t<span class=\"elementor-divider-separator\">\n\t\t\t\t\t\t<\/span>\n\t\t<\/div>\n\t\t\t\t<\/div>\n\t\t\t\t<\/div>\n\t\t\t\t\t<\/div>\n\t\t<\/div>\n\t\t\t\t\t\t\t<\/div>\n\t\t<\/section>\n\t\t\t\t<section class=\"elementor-section elementor-top-section elementor-element elementor-element-d895981 elementor-section-boxed elementor-section-height-default elementor-section-height-default\" data-id=\"d895981\" data-element_type=\"section\">\n\t\t\t\t\t\t<div class=\"elementor-container elementor-column-gap-default\">\n\t\t\t\t\t<div class=\"elementor-column elementor-col-100 elementor-top-column elementor-element elementor-element-56ea281\" data-id=\"56ea281\" data-element_type=\"column\">\n\t\t\t<div class=\"elementor-widget-wrap elementor-element-populated\">\n\t\t\t\t\t\t\t\t<div class=\"elementor-element elementor-element-9339b3d elementor-widget elementor-widget-text-editor\" data-id=\"9339b3d\" data-element_type=\"widget\" data-widget_type=\"text-editor.default\">\n\t\t\t\t<div class=\"elementor-widget-container\">\n\t\t\t\t\t\t\t<p><strong>Historia ekspozycji paleontologicznej<\/strong><\/p>\n<p><!-- \/wp:paragraph --><\/p>\n<p><!-- wp:paragraph --><\/p>\n<p><img fetchpriority=\"high\" decoding=\"async\" data-recalc-dims=\"1\" class=\"alignright wp-image-1308\" src=\"https:\/\/i0.wp.com\/muzeumewolucji.pl\/wp-content\/uploads\/2020\/06\/pkin.jpg?resize=400%2C318\" alt=\"\" width=\"400\" height=\"318\" srcset=\"https:\/\/i0.wp.com\/muzeumewolucji.pl\/wp-content\/uploads\/2020\/06\/pkin.jpg?w=800&amp;ssl=1 800w, https:\/\/i0.wp.com\/muzeumewolucji.pl\/wp-content\/uploads\/2020\/06\/pkin.jpg?resize=300%2C238&amp;ssl=1 300w, https:\/\/i0.wp.com\/muzeumewolucji.pl\/wp-content\/uploads\/2020\/06\/pkin.jpg?resize=768%2C610&amp;ssl=1 768w\" sizes=\"(max-width: 400px) 100vw, 400px\" \/><\/p>\n<p>W roku 1968 profesor <a href=\"http:\/\/www.paleo.pan.pl\/pl\/pracownicy\/kielan-jaworowska\/zofia_kielan-jaworowska.html\" target=\"_blank\" rel=\"noreferrer noopener\">Zofia Kielan-Jaworowska<\/a> zorganizowa\u0142a w salach Pa\u0142acu Kultury i Nauki w Warszawie wystaw\u0119 Dinozaury z Pustyni Gobi, prezentuj\u0105c\u0105 rezultaty Polsko-Mongolskich Wypraw Paleontologicznych. Wystawa by\u0142a otwarta do roku 1984.<\/p>\t\t\t\t\t\t<\/div>\n\t\t\t\t<\/div>\n\t\t\t\t\t<\/div>\n\t\t<\/div>\n\t\t\t\t\t\t\t<\/div>\n\t\t<\/section>\n\t\t\t\t<section class=\"elementor-section elementor-top-section elementor-element elementor-element-42878f34 elementor-section-boxed elementor-section-height-default elementor-section-height-default\" data-id=\"42878f34\" data-element_type=\"section\">\n\t\t\t\t\t\t<div class=\"elementor-container elementor-column-gap-default\">\n\t\t\t\t\t<div class=\"elementor-column elementor-col-100 elementor-top-column elementor-element elementor-element-1973df09\" data-id=\"1973df09\" data-element_type=\"column\">\n\t\t\t<div class=\"elementor-widget-wrap elementor-element-populated\">\n\t\t\t\t\t\t\t\t<div class=\"elementor-element elementor-element-456363b8 elementor-widget elementor-widget-text-editor\" data-id=\"456363b8\" data-element_type=\"widget\" data-widget_type=\"text-editor.default\">\n\t\t\t\t<div class=\"elementor-widget-container\">\n\t\t\t\t\t\t\t<hr class=\"wp-block-separator\" \/>\n<p><br \/><br \/><img decoding=\"async\" data-recalc-dims=\"1\" class=\"wp-image-1307 size-full alignleft\" src=\"https:\/\/i0.wp.com\/muzeumewolucji.pl\/wp-content\/uploads\/2020\/06\/opistocelikaudia.jpg?resize=600%2C355\" alt=\"\" width=\"600\" height=\"355\" srcset=\"https:\/\/i0.wp.com\/muzeumewolucji.pl\/wp-content\/uploads\/2020\/06\/opistocelikaudia.jpg?w=600&amp;ssl=1 600w, https:\/\/i0.wp.com\/muzeumewolucji.pl\/wp-content\/uploads\/2020\/06\/opistocelikaudia.jpg?resize=300%2C178&amp;ssl=1 300w\" sizes=\"(max-width: 600px) 100vw, 600px\" \/>W roku 1984 <a href=\"http:\/\/www.paleo.pan.pl\/\" target=\"_blank\" rel=\"noreferrer noopener\">Instytut Paleobiologii<\/a> przej\u0105\u0142 od <a href=\"http:\/\/www.miiz.waw.pl\/\" target=\"_blank\" rel=\"noreferrer noopener\">Instytutu Zoologii PAN<\/a> sale wystawowe w cz\u0119\u015bci Pa\u0142acu Kultury i Nauki nale\u017c\u0105ce do Pa\u0142acu M\u0142odzie\u017cy i utworzy\u0142 tam dzia\u0142 Instytutu nazwany Muzeum Ewolucji. W roku1985 nast\u0105pi\u0142o otwarcie sta\u0142ej wystawy Ewolucja na l\u0105dach (wed\u0142ug scenariusza Zofii Kielan-Jaworowskiej, przy wsp\u00f3\u0142pracy Andrzeja Sulimskiego i zespo\u0142u pracownik\u00f3w Instytutu), na kt\u00f3rej znalaz\u0142a si\u0119 znaczna cz\u0119\u015b\u0107 okaz\u00f3w zebranych podczas wypraw do Mongolii.<br \/>Cz\u0119\u015b\u0107 ekspozycji po\u015bwi\u0119cona by\u0142a zwierz\u0119tom wsp\u00f3\u0142czesnym, zw\u0142aszcza owadom i ptakom ze zbior\u00f3w Muzeum i Instytutu Zoologii.<br \/><br \/>W roku 2001 otwarto now\u0105 wystaw\u0119 po\u015bwi\u0119con\u0105 odkryciom paleontologicznym na cmentarzysku triasowych gad\u00f3w i p\u0142az\u00f3w w Krasiejowie ko\u0142o Opola. Ekspozycja obejmuje okazy oraz rekonstrukcje wodnych i l\u0105dowych zwierz\u0105t.<br \/><br \/>W roku 2003 wzbogacono dzia\u0142 antropologiczny o rekonstrukcj\u0119 australopiteka \u201eLucy\u201d.<img decoding=\"async\" data-recalc-dims=\"1\" class=\"alignright wp-image-1313\" title=\"Australopitecus afarensis \" src=\"https:\/\/i0.wp.com\/muzeumewolucji.pl\/wp-content\/uploads\/2020\/06\/lucy_face.jpg?resize=360%2C436\" alt=\"\" width=\"360\" height=\"436\" \/><br \/><br \/>W roku 2005 przeprowadzono dalsz\u0105 modernizacj\u0119 wystawy &#8211; powsta\u0142y mi\u0119dzy innymi dwie nowe rekonstrukcje szkielet\u00f3w mongolskich dinozaur\u00f3w \u2013 opistocelikaudii oraz tarbozaura, kt\u00f3re wykonano w oparciu o najnowszy stan wiedzy na temat budowy tych zwierz\u0105t.<br \/><br \/>W 2009 roku zosta\u0142a otwarta nowa cz\u0119\u015b\u0107 ekspozycji sta\u0142ej Muzeum Ewolucji &#8211; zorganizowana z okazji 150 rocznicy pierwszego wydania O powstawaniu gatunk\u00f3w Karola Darwina wystawa <em>Kto mi da\u0142 nogi? Podb\u00f3j l\u0105d\u00f3w przez kr\u0119gowce<\/em>. G\u0142\u00f3wnym eksponatem wystawy jest rekonstrukcja bagna dewo\u0144skiego z \u201erybop\u0142azami\u201d z rodzaju Tiktaalik.<\/p>\n<p><!-- \/wp:paragraph --><\/p>\n<p><!-- wp:paragraph --><\/p>\n<p><!-- \/wp:paragraph --><\/p>\t\t\t\t\t\t<\/div>\n\t\t\t\t<\/div>\n\t\t\t\t\t<\/div>\n\t\t<\/div>\n\t\t\t\t\t\t\t<\/div>\n\t\t<\/section>\n\t\t\t\t\t\t\t<\/div>\n\t\t","protected":false},"excerpt":{"rendered":"<p>Historia powstania Muzeum \u2022 O Muzeum Historia ekspozycji paleontologicznej W roku 1968 profesor Zofia Kielan-Jaworowska zorganizowa\u0142a w salach Pa\u0142acu Kultury<\/p>\n","protected":false},"author":3,"featured_media":0,"parent":0,"menu_order":0,"comment_status":"closed","ping_status":"closed","template":"elementor_header_footer","meta":{"footnotes":""},"class_list":["post-926","page","type-page","status-publish","hentry"],"yoast_head":"<!-- This site is optimized with the Yoast SEO plugin v26.8 - https:\/\/yoast.com\/product\/yoast-seo-wordpress\/ -->\n<title>Historia powstania Muzeum - Muzeum Ewolucji Instytutu Paleobiologii PAN<\/title>\n<meta name=\"robots\" content=\"index, follow, max-snippet:-1, max-image-preview:large, max-video-preview:-1\" \/>\n<link rel=\"canonical\" href=\"https:\/\/muzeumewolucji.pl\/?page_id=926\" \/>\n<meta property=\"og:locale\" content=\"pl_PL\" \/>\n<meta property=\"og:type\" content=\"article\" \/>\n<meta property=\"og:title\" content=\"Historia powstania Muzeum - Muzeum Ewolucji Instytutu Paleobiologii PAN\" \/>\n<meta property=\"og:description\" content=\"Historia powstania Muzeum \u2022 O Muzeum Historia ekspozycji paleontologicznej W roku 1968 profesor Zofia Kielan-Jaworowska zorganizowa\u0142a w salach Pa\u0142acu Kultury\" \/>\n<meta property=\"og:url\" content=\"https:\/\/muzeumewolucji.pl\/?page_id=926\" \/>\n<meta property=\"og:site_name\" content=\"Muzeum Ewolucji Instytutu Paleobiologii PAN\" \/>\n<meta property=\"article:modified_time\" content=\"2022-04-27T11:34:13+00:00\" \/>\n<meta property=\"og:image\" content=\"http:\/\/muzeumewolucji.pl\/wp-content\/uploads\/2020\/06\/pkin.jpg\" \/>\n<meta name=\"twitter:card\" content=\"summary_large_image\" \/>\n<meta name=\"twitter:label1\" content=\"Szacowany czas czytania\" \/>\n\t<meta name=\"twitter:data1\" content=\"2 minuty\" \/>\n<script type=\"application\/ld+json\" class=\"yoast-schema-graph\">{\"@context\":\"https:\/\/schema.org\",\"@graph\":[{\"@type\":\"WebPage\",\"@id\":\"https:\/\/muzeumewolucji.pl\/?page_id=926\",\"url\":\"https:\/\/muzeumewolucji.pl\/?page_id=926\",\"name\":\"Historia powstania Muzeum - Muzeum Ewolucji Instytutu Paleobiologii PAN\",\"isPartOf\":{\"@id\":\"https:\/\/muzeumewolucji.pl\/#website\"},\"primaryImageOfPage\":{\"@id\":\"https:\/\/muzeumewolucji.pl\/?page_id=926#primaryimage\"},\"image\":{\"@id\":\"https:\/\/muzeumewolucji.pl\/?page_id=926#primaryimage\"},\"thumbnailUrl\":\"http:\/\/muzeumewolucji.pl\/wp-content\/uploads\/2020\/06\/pkin.jpg\",\"datePublished\":\"2020-05-05T16:01:07+00:00\",\"dateModified\":\"2022-04-27T11:34:13+00:00\",\"breadcrumb\":{\"@id\":\"https:\/\/muzeumewolucji.pl\/?page_id=926#breadcrumb\"},\"inLanguage\":\"pl-PL\",\"potentialAction\":[{\"@type\":\"ReadAction\",\"target\":[\"https:\/\/muzeumewolucji.pl\/?page_id=926\"]}]},{\"@type\":\"ImageObject\",\"inLanguage\":\"pl-PL\",\"@id\":\"https:\/\/muzeumewolucji.pl\/?page_id=926#primaryimage\",\"url\":\"http:\/\/muzeumewolucji.pl\/wp-content\/uploads\/2020\/06\/pkin.jpg\",\"contentUrl\":\"http:\/\/muzeumewolucji.pl\/wp-content\/uploads\/2020\/06\/pkin.jpg\"},{\"@type\":\"BreadcrumbList\",\"@id\":\"https:\/\/muzeumewolucji.pl\/?page_id=926#breadcrumb\",\"itemListElement\":[{\"@type\":\"ListItem\",\"position\":1,\"name\":\"Home\",\"item\":\"https:\/\/muzeumewolucji.pl\/\"},{\"@type\":\"ListItem\",\"position\":2,\"name\":\"Historia powstania Muzeum\"}]},{\"@type\":\"WebSite\",\"@id\":\"https:\/\/muzeumewolucji.pl\/#website\",\"url\":\"https:\/\/muzeumewolucji.pl\/\",\"name\":\"Muzeum Ewolucji Instytutu Paleobiologii PAN\",\"description\":\"Popularyzujemy wiedz\u0119 o ewolucji \u017cycia na Ziemi\",\"publisher\":{\"@id\":\"https:\/\/muzeumewolucji.pl\/#organization\"},\"potentialAction\":[{\"@type\":\"SearchAction\",\"target\":{\"@type\":\"EntryPoint\",\"urlTemplate\":\"https:\/\/muzeumewolucji.pl\/?s={search_term_string}\"},\"query-input\":{\"@type\":\"PropertyValueSpecification\",\"valueRequired\":true,\"valueName\":\"search_term_string\"}}],\"inLanguage\":\"pl-PL\"},{\"@type\":\"Organization\",\"@id\":\"https:\/\/muzeumewolucji.pl\/#organization\",\"name\":\"Muzeum Ewolucji Instytutu Paleobiologii PAN\",\"url\":\"https:\/\/muzeumewolucji.pl\/\",\"logo\":{\"@type\":\"ImageObject\",\"inLanguage\":\"pl-PL\",\"@id\":\"https:\/\/muzeumewolucji.pl\/#\/schema\/logo\/image\/\",\"url\":\"https:\/\/i0.wp.com\/muzeumewolucji.pl\/wp-content\/uploads\/2025\/10\/D-ME-logo-2025.png?fit=450%2C171&ssl=1\",\"contentUrl\":\"https:\/\/i0.wp.com\/muzeumewolucji.pl\/wp-content\/uploads\/2025\/10\/D-ME-logo-2025.png?fit=450%2C171&ssl=1\",\"width\":450,\"height\":171,\"caption\":\"Muzeum Ewolucji Instytutu Paleobiologii PAN\"},\"image\":{\"@id\":\"https:\/\/muzeumewolucji.pl\/#\/schema\/logo\/image\/\"}}]}<\/script>\n<!-- \/ Yoast SEO plugin. -->","yoast_head_json":{"title":"Historia powstania Muzeum - Muzeum Ewolucji Instytutu Paleobiologii PAN","robots":{"index":"index","follow":"follow","max-snippet":"max-snippet:-1","max-image-preview":"max-image-preview:large","max-video-preview":"max-video-preview:-1"},"canonical":"https:\/\/muzeumewolucji.pl\/?page_id=926","og_locale":"pl_PL","og_type":"article","og_title":"Historia powstania Muzeum - Muzeum Ewolucji Instytutu Paleobiologii PAN","og_description":"Historia powstania Muzeum \u2022 O Muzeum Historia ekspozycji paleontologicznej W roku 1968 profesor Zofia Kielan-Jaworowska zorganizowa\u0142a w salach Pa\u0142acu Kultury","og_url":"https:\/\/muzeumewolucji.pl\/?page_id=926","og_site_name":"Muzeum Ewolucji Instytutu Paleobiologii PAN","article_modified_time":"2022-04-27T11:34:13+00:00","og_image":[{"url":"http:\/\/muzeumewolucji.pl\/wp-content\/uploads\/2020\/06\/pkin.jpg","type":"","width":"","height":""}],"twitter_card":"summary_large_image","twitter_misc":{"Szacowany czas czytania":"2 minuty"},"schema":{"@context":"https:\/\/schema.org","@graph":[{"@type":"WebPage","@id":"https:\/\/muzeumewolucji.pl\/?page_id=926","url":"https:\/\/muzeumewolucji.pl\/?page_id=926","name":"Historia powstania Muzeum - Muzeum Ewolucji Instytutu Paleobiologii PAN","isPartOf":{"@id":"https:\/\/muzeumewolucji.pl\/#website"},"primaryImageOfPage":{"@id":"https:\/\/muzeumewolucji.pl\/?page_id=926#primaryimage"},"image":{"@id":"https:\/\/muzeumewolucji.pl\/?page_id=926#primaryimage"},"thumbnailUrl":"http:\/\/muzeumewolucji.pl\/wp-content\/uploads\/2020\/06\/pkin.jpg","datePublished":"2020-05-05T16:01:07+00:00","dateModified":"2022-04-27T11:34:13+00:00","breadcrumb":{"@id":"https:\/\/muzeumewolucji.pl\/?page_id=926#breadcrumb"},"inLanguage":"pl-PL","potentialAction":[{"@type":"ReadAction","target":["https:\/\/muzeumewolucji.pl\/?page_id=926"]}]},{"@type":"ImageObject","inLanguage":"pl-PL","@id":"https:\/\/muzeumewolucji.pl\/?page_id=926#primaryimage","url":"http:\/\/muzeumewolucji.pl\/wp-content\/uploads\/2020\/06\/pkin.jpg","contentUrl":"http:\/\/muzeumewolucji.pl\/wp-content\/uploads\/2020\/06\/pkin.jpg"},{"@type":"BreadcrumbList","@id":"https:\/\/muzeumewolucji.pl\/?page_id=926#breadcrumb","itemListElement":[{"@type":"ListItem","position":1,"name":"Home","item":"https:\/\/muzeumewolucji.pl\/"},{"@type":"ListItem","position":2,"name":"Historia powstania Muzeum"}]},{"@type":"WebSite","@id":"https:\/\/muzeumewolucji.pl\/#website","url":"https:\/\/muzeumewolucji.pl\/","name":"Muzeum Ewolucji Instytutu Paleobiologii PAN","description":"Popularyzujemy wiedz\u0119 o ewolucji \u017cycia na Ziemi","publisher":{"@id":"https:\/\/muzeumewolucji.pl\/#organization"},"potentialAction":[{"@type":"SearchAction","target":{"@type":"EntryPoint","urlTemplate":"https:\/\/muzeumewolucji.pl\/?s={search_term_string}"},"query-input":{"@type":"PropertyValueSpecification","valueRequired":true,"valueName":"search_term_string"}}],"inLanguage":"pl-PL"},{"@type":"Organization","@id":"https:\/\/muzeumewolucji.pl\/#organization","name":"Muzeum Ewolucji Instytutu Paleobiologii PAN","url":"https:\/\/muzeumewolucji.pl\/","logo":{"@type":"ImageObject","inLanguage":"pl-PL","@id":"https:\/\/muzeumewolucji.pl\/#\/schema\/logo\/image\/","url":"https:\/\/i0.wp.com\/muzeumewolucji.pl\/wp-content\/uploads\/2025\/10\/D-ME-logo-2025.png?fit=450%2C171&ssl=1","contentUrl":"https:\/\/i0.wp.com\/muzeumewolucji.pl\/wp-content\/uploads\/2025\/10\/D-ME-logo-2025.png?fit=450%2C171&ssl=1","width":450,"height":171,"caption":"Muzeum Ewolucji Instytutu Paleobiologii PAN"},"image":{"@id":"https:\/\/muzeumewolucji.pl\/#\/schema\/logo\/image\/"}}]}},"jetpack_sharing_enabled":true,"_links":{"self":[{"href":"https:\/\/muzeumewolucji.pl\/index.php?rest_route=\/wp\/v2\/pages\/926","targetHints":{"allow":["GET"]}}],"collection":[{"href":"https:\/\/muzeumewolucji.pl\/index.php?rest_route=\/wp\/v2\/pages"}],"about":[{"href":"https:\/\/muzeumewolucji.pl\/index.php?rest_route=\/wp\/v2\/types\/page"}],"author":[{"embeddable":true,"href":"https:\/\/muzeumewolucji.pl\/index.php?rest_route=\/wp\/v2\/users\/3"}],"replies":[{"embeddable":true,"href":"https:\/\/muzeumewolucji.pl\/index.php?rest_route=%2Fwp%2Fv2%2Fcomments&post=926"}],"version-history":[{"count":26,"href":"https:\/\/muzeumewolucji.pl\/index.php?rest_route=\/wp\/v2\/pages\/926\/revisions"}],"predecessor-version":[{"id":4139,"href":"https:\/\/muzeumewolucji.pl\/index.php?rest_route=\/wp\/v2\/pages\/926\/revisions\/4139"}],"wp:attachment":[{"href":"https:\/\/muzeumewolucji.pl\/index.php?rest_route=%2Fwp%2Fv2%2Fmedia&parent=926"}],"curies":[{"name":"wp","href":"https:\/\/api.w.org\/{rel}","templated":true}]}}