{"id":9016,"date":"2026-03-25T09:59:55","date_gmt":"2026-03-25T08:59:55","guid":{"rendered":"https:\/\/muzeumewolucji.pl\/?page_id=9016"},"modified":"2026-03-25T10:17:27","modified_gmt":"2026-03-25T09:17:27","slug":"sekrety-dinozaurzych-pior","status":"publish","type":"page","link":"https:\/\/muzeumewolucji.pl\/?page_id=9016","title":{"rendered":"Sekrety dinozaurzych pi\u00f3r"},"content":{"rendered":"\t\t<div data-elementor-type=\"wp-page\" data-elementor-id=\"9016\" class=\"elementor elementor-9016\">\n\t\t\t\t\t\t\t\t\t<section class=\"elementor-section elementor-top-section elementor-element elementor-element-1e18804f elementor-section-boxed elementor-section-height-default elementor-section-height-default\" data-id=\"1e18804f\" data-element_type=\"section\">\n\t\t\t\t\t\t<div class=\"elementor-container elementor-column-gap-default\">\n\t\t\t\t\t<div class=\"elementor-column elementor-col-100 elementor-top-column elementor-element elementor-element-5b860d82\" data-id=\"5b860d82\" data-element_type=\"column\">\n\t\t\t<div class=\"elementor-widget-wrap elementor-element-populated\">\n\t\t\t\t\t\t\t\t<div class=\"elementor-element elementor-element-4ef4a139 elementor-widget elementor-widget-heading\" data-id=\"4ef4a139\" data-element_type=\"widget\" data-widget_type=\"heading.default\">\n\t\t\t\t<div class=\"elementor-widget-container\">\n\t\t\t<h3 class=\"elementor-heading-title elementor-size-default\">Warsztaty edukacyjne<\/h3>\t\t<\/div>\n\t\t\t\t<\/div>\n\t\t\t\t\t<\/div>\n\t\t<\/div>\n\t\t\t\t\t\t\t<\/div>\n\t\t<\/section>\n\t\t\t\t<section class=\"elementor-section elementor-top-section elementor-element elementor-element-0a60002 elementor-section-boxed elementor-section-height-default elementor-section-height-default\" data-id=\"0a60002\" data-element_type=\"section\">\n\t\t\t\t\t\t<div class=\"elementor-container elementor-column-gap-default\">\n\t\t\t\t\t<div class=\"elementor-column elementor-col-100 elementor-top-column elementor-element elementor-element-b61ccb3\" data-id=\"b61ccb3\" data-element_type=\"column\">\n\t\t\t<div class=\"elementor-widget-wrap elementor-element-populated\">\n\t\t\t\t\t\t\t\t<div class=\"elementor-element elementor-element-a1f8d31 elementor-widget elementor-widget-text-editor\" data-id=\"a1f8d31\" data-element_type=\"widget\" data-widget_type=\"text-editor.default\">\n\t\t\t\t<div class=\"elementor-widget-container\">\n\t\t\t\t\t\t\t<h5><strong>Sekrety dinozaurzych pi\u00f3r<\/strong><\/h5><p><strong>Prezentowane zjawisko\/zagadnienie:<\/strong> Typy i budowa pi\u00f3r, sekrety ptasich kolor\u00f3w<\/p><p><strong>Grupa docelowa:<\/strong> Uczniowie szk\u00f3\u0142 podstawowych, ponadpodstawowych, grupy doros\u0142e\u00a0<\/p><p><strong>Czas trwania:<\/strong> 1 godzina<\/p><p>Warsztaty poprzedzone kr\u00f3tkim wyk\u0142adem z pokazem slajd\u00f3w.<\/p><p>Uczestnicy warsztat\u00f3w zapoznaj\u0105 si\u0119 z budow\u0105 ptasiego pi\u00f3ra, oraz sposobu w jaki one rosn\u0105. Dowiedz\u0105 si\u0119, \u017ce na r\u00f3\u017cnych cz\u0119\u015bciach cia\u0142a ptaka wyrastaj\u0105 r\u00f3\u017cne pi\u00f3ra, kt\u00f3re w zale\u017cno\u015bci od pe\u0142nionych funkcji maj\u0105 odmienny wygl\u0105d czego dobrym przyk\u0142adem s\u0105 prezentowane r\u00f3\u017cnorodne pawie pi\u00f3ra. Pokazane zostan\u0105 m.in. podobie\u0144stwa i r\u00f3\u017cnice mi\u0119dzy pi\u00f3rami puchowymi i konturowymi. Poznamy r\u00f3wnie\u017c dinozaury u kt\u00f3rych pojawi\u0142y si\u0119 poszczeg\u00f3lne typy pi\u00f3r na przestrzeni milion\u00f3w lat i do czego mog\u0142y one s\u0142u\u017cy\u0107.<\/p><p>Odkryjemy tak\u017ce tajemnic\u0119 kolor\u00f3w ptasich pi\u00f3r, dowiedz\u0105 si\u0119 u kt\u00f3rych grup dinozaur\u00f3w i ptak\u00f3w pojawi\u0142y si\u0119 kolorowe pi\u00f3ra. Dowiemy si\u0119 czym s\u0105 barwy pigmentowe i strukturalne (zdj\u0119cia struktury pi\u00f3r i melanosom\u00f3w ze skaningowego mikroskopu elektronowego) obecne nie tylko u ptak\u00f3w ale r\u00f3wnie\u017c m.in. u motyli. Korzystaj\u0105c ze zdobytej wiedzy uczestnicy b\u0119d\u0105 mogli spr\u00f3bowa\u0107 odtworzy\u0107 barwy pi\u00f3r kilku r\u00f3\u017cnych gatunk\u00f3w dinozaur\u00f3w i mezozoicznych ptak\u00f3w aby po raz pierwszy po ponad 100 milionach lat zobaczy\u0107 je w \u017cywych kolorach przy pomocy specjalnie przygotowanych kolorowanek.<\/p><p><img fetchpriority=\"high\" decoding=\"async\" data-recalc-dims=\"1\" class=\"aligncenter wp-image-9022 size-large\" src=\"https:\/\/i0.wp.com\/muzeumewolucji.pl\/wp-content\/uploads\/2026\/03\/Microraptor_gui_holotype.png?resize=800%2C409&#038;ssl=1\" alt=\"Czarny szkielet ma\u0142ego dinozaura z wyra\u017anynie zachowanymi pi\u00f3rami na przednich i tylnych ko\u0144czynach i d\u0142ugim ogonie. Microraptor_gui_holotype\" width=\"800\" height=\"409\" srcset=\"https:\/\/i0.wp.com\/muzeumewolucji.pl\/wp-content\/uploads\/2026\/03\/Microraptor_gui_holotype.png?w=1280&amp;ssl=1 1280w, https:\/\/i0.wp.com\/muzeumewolucji.pl\/wp-content\/uploads\/2026\/03\/Microraptor_gui_holotype.png?resize=300%2C154&amp;ssl=1 300w, https:\/\/i0.wp.com\/muzeumewolucji.pl\/wp-content\/uploads\/2026\/03\/Microraptor_gui_holotype.png?resize=1024%2C524&amp;ssl=1 1024w, https:\/\/i0.wp.com\/muzeumewolucji.pl\/wp-content\/uploads\/2026\/03\/Microraptor_gui_holotype.png?resize=768%2C393&amp;ssl=1 768w\" sizes=\"(max-width: 800px) 100vw, 800px\" \/><\/p><p>Ma\u0142y upierzony dinozaur &#8211; <em>Microraptor gui<\/em><\/p><p>Fotografia autorstwa David W. E. Hone, Helmut Tischlinger, Xing Xu, Fucheng Zhang &#8211; Hone DWE, Tischlinger H, Xu X, Zhang F (2010) The Extent of the Preserved Feathers on the Four-Winged Dinosaur Microraptor gui under Ultraviolet Light. PLoS ONE 5(2): e9223. doi:10.1371\/journal.pone.0009223, CC BY 2.5, https:\/\/commons.wikimedia.org\/w\/index.php?curid=9487242<\/p>\t\t\t\t\t\t<\/div>\n\t\t\t\t<\/div>\n\t\t\t\t\t<\/div>\n\t\t<\/div>\n\t\t\t\t\t\t\t<\/div>\n\t\t<\/section>\n\t\t\t\t\t\t\t<\/div>\n\t\t","protected":false},"excerpt":{"rendered":"<p>Warsztaty edukacyjne Sekrety dinozaurzych pi\u00f3r Prezentowane zjawisko\/zagadnienie: Typy i budowa pi\u00f3r, sekrety ptasich kolor\u00f3w Grupa docelowa: Uczniowie szk\u00f3\u0142 podstawowych, ponadpodstawowych,<\/p>\n","protected":false},"author":3,"featured_media":0,"parent":0,"menu_order":0,"comment_status":"closed","ping_status":"closed","template":"","meta":{"footnotes":""},"class_list":["post-9016","page","type-page","status-publish","hentry"],"yoast_head":"<!-- This site is optimized with the Yoast SEO plugin v26.8 - https:\/\/yoast.com\/product\/yoast-seo-wordpress\/ -->\n<title>Sekrety dinozaurzych pi\u00f3r - Muzeum Ewolucji Instytutu Paleobiologii PAN<\/title>\n<meta name=\"robots\" content=\"index, follow, max-snippet:-1, max-image-preview:large, max-video-preview:-1\" \/>\n<link rel=\"canonical\" href=\"https:\/\/muzeumewolucji.pl\/?page_id=9016\" \/>\n<meta property=\"og:locale\" content=\"pl_PL\" \/>\n<meta property=\"og:type\" content=\"article\" \/>\n<meta property=\"og:title\" content=\"Sekrety dinozaurzych pi\u00f3r - Muzeum Ewolucji Instytutu Paleobiologii PAN\" \/>\n<meta property=\"og:description\" content=\"Warsztaty edukacyjne Sekrety dinozaurzych pi\u00f3r Prezentowane zjawisko\/zagadnienie: Typy i budowa pi\u00f3r, sekrety ptasich kolor\u00f3w Grupa docelowa: Uczniowie szk\u00f3\u0142 podstawowych, ponadpodstawowych,\" \/>\n<meta property=\"og:url\" content=\"https:\/\/muzeumewolucji.pl\/?page_id=9016\" \/>\n<meta property=\"og:site_name\" content=\"Muzeum Ewolucji Instytutu Paleobiologii PAN\" \/>\n<meta property=\"article:modified_time\" content=\"2026-03-25T09:17:27+00:00\" \/>\n<meta property=\"og:image\" content=\"https:\/\/muzeumewolucji.pl\/wp-content\/uploads\/2026\/03\/Microraptor_gui_holotype-1024x524.png\" \/>\n<meta name=\"twitter:card\" content=\"summary_large_image\" \/>\n<meta name=\"twitter:label1\" content=\"Szacowany czas czytania\" \/>\n\t<meta name=\"twitter:data1\" content=\"2 minuty\" \/>\n<script type=\"application\/ld+json\" class=\"yoast-schema-graph\">{\"@context\":\"https:\/\/schema.org\",\"@graph\":[{\"@type\":\"WebPage\",\"@id\":\"https:\/\/muzeumewolucji.pl\/?page_id=9016\",\"url\":\"https:\/\/muzeumewolucji.pl\/?page_id=9016\",\"name\":\"Sekrety dinozaurzych pi\u00f3r - Muzeum Ewolucji Instytutu Paleobiologii PAN\",\"isPartOf\":{\"@id\":\"https:\/\/muzeumewolucji.pl\/#website\"},\"primaryImageOfPage\":{\"@id\":\"https:\/\/muzeumewolucji.pl\/?page_id=9016#primaryimage\"},\"image\":{\"@id\":\"https:\/\/muzeumewolucji.pl\/?page_id=9016#primaryimage\"},\"thumbnailUrl\":\"https:\/\/muzeumewolucji.pl\/wp-content\/uploads\/2026\/03\/Microraptor_gui_holotype-1024x524.png\",\"datePublished\":\"2026-03-25T08:59:55+00:00\",\"dateModified\":\"2026-03-25T09:17:27+00:00\",\"breadcrumb\":{\"@id\":\"https:\/\/muzeumewolucji.pl\/?page_id=9016#breadcrumb\"},\"inLanguage\":\"pl-PL\",\"potentialAction\":[{\"@type\":\"ReadAction\",\"target\":[\"https:\/\/muzeumewolucji.pl\/?page_id=9016\"]}]},{\"@type\":\"ImageObject\",\"inLanguage\":\"pl-PL\",\"@id\":\"https:\/\/muzeumewolucji.pl\/?page_id=9016#primaryimage\",\"url\":\"https:\/\/i0.wp.com\/muzeumewolucji.pl\/wp-content\/uploads\/2026\/03\/Microraptor_gui_holotype.png?fit=1280%2C655&ssl=1\",\"contentUrl\":\"https:\/\/i0.wp.com\/muzeumewolucji.pl\/wp-content\/uploads\/2026\/03\/Microraptor_gui_holotype.png?fit=1280%2C655&ssl=1\",\"width\":1280,\"height\":655,\"caption\":\"Czarny szkielet ma\u0142ego dinozaura z wyra\u017anynie zachowanymi pi\u00f3rami na przednich i tylnych ko\u0144czynach i d\u0142ugim ogonie. Microraptor_gui_holotype\"},{\"@type\":\"BreadcrumbList\",\"@id\":\"https:\/\/muzeumewolucji.pl\/?page_id=9016#breadcrumb\",\"itemListElement\":[{\"@type\":\"ListItem\",\"position\":1,\"name\":\"Home\",\"item\":\"https:\/\/muzeumewolucji.pl\/\"},{\"@type\":\"ListItem\",\"position\":2,\"name\":\"Sekrety dinozaurzych pi\u00f3r\"}]},{\"@type\":\"WebSite\",\"@id\":\"https:\/\/muzeumewolucji.pl\/#website\",\"url\":\"https:\/\/muzeumewolucji.pl\/\",\"name\":\"Muzeum Ewolucji Instytutu Paleobiologii PAN\",\"description\":\"Popularyzujemy wiedz\u0119 o ewolucji \u017cycia na Ziemi\",\"publisher\":{\"@id\":\"https:\/\/muzeumewolucji.pl\/#organization\"},\"potentialAction\":[{\"@type\":\"SearchAction\",\"target\":{\"@type\":\"EntryPoint\",\"urlTemplate\":\"https:\/\/muzeumewolucji.pl\/?s={search_term_string}\"},\"query-input\":{\"@type\":\"PropertyValueSpecification\",\"valueRequired\":true,\"valueName\":\"search_term_string\"}}],\"inLanguage\":\"pl-PL\"},{\"@type\":\"Organization\",\"@id\":\"https:\/\/muzeumewolucji.pl\/#organization\",\"name\":\"Muzeum Ewolucji Instytutu Paleobiologii PAN\",\"url\":\"https:\/\/muzeumewolucji.pl\/\",\"logo\":{\"@type\":\"ImageObject\",\"inLanguage\":\"pl-PL\",\"@id\":\"https:\/\/muzeumewolucji.pl\/#\/schema\/logo\/image\/\",\"url\":\"https:\/\/i0.wp.com\/muzeumewolucji.pl\/wp-content\/uploads\/2025\/10\/D-ME-logo-2025.png?fit=450%2C171&ssl=1\",\"contentUrl\":\"https:\/\/i0.wp.com\/muzeumewolucji.pl\/wp-content\/uploads\/2025\/10\/D-ME-logo-2025.png?fit=450%2C171&ssl=1\",\"width\":450,\"height\":171,\"caption\":\"Muzeum Ewolucji Instytutu Paleobiologii PAN\"},\"image\":{\"@id\":\"https:\/\/muzeumewolucji.pl\/#\/schema\/logo\/image\/\"}}]}<\/script>\n<!-- \/ Yoast SEO plugin. -->","yoast_head_json":{"title":"Sekrety dinozaurzych pi\u00f3r - Muzeum Ewolucji Instytutu Paleobiologii PAN","robots":{"index":"index","follow":"follow","max-snippet":"max-snippet:-1","max-image-preview":"max-image-preview:large","max-video-preview":"max-video-preview:-1"},"canonical":"https:\/\/muzeumewolucji.pl\/?page_id=9016","og_locale":"pl_PL","og_type":"article","og_title":"Sekrety dinozaurzych pi\u00f3r - Muzeum Ewolucji Instytutu Paleobiologii PAN","og_description":"Warsztaty edukacyjne Sekrety dinozaurzych pi\u00f3r Prezentowane zjawisko\/zagadnienie: Typy i budowa pi\u00f3r, sekrety ptasich kolor\u00f3w Grupa docelowa: Uczniowie szk\u00f3\u0142 podstawowych, ponadpodstawowych,","og_url":"https:\/\/muzeumewolucji.pl\/?page_id=9016","og_site_name":"Muzeum Ewolucji Instytutu Paleobiologii PAN","article_modified_time":"2026-03-25T09:17:27+00:00","og_image":[{"url":"https:\/\/muzeumewolucji.pl\/wp-content\/uploads\/2026\/03\/Microraptor_gui_holotype-1024x524.png","type":"","width":"","height":""}],"twitter_card":"summary_large_image","twitter_misc":{"Szacowany czas czytania":"2 minuty"},"schema":{"@context":"https:\/\/schema.org","@graph":[{"@type":"WebPage","@id":"https:\/\/muzeumewolucji.pl\/?page_id=9016","url":"https:\/\/muzeumewolucji.pl\/?page_id=9016","name":"Sekrety dinozaurzych pi\u00f3r - Muzeum Ewolucji Instytutu Paleobiologii PAN","isPartOf":{"@id":"https:\/\/muzeumewolucji.pl\/#website"},"primaryImageOfPage":{"@id":"https:\/\/muzeumewolucji.pl\/?page_id=9016#primaryimage"},"image":{"@id":"https:\/\/muzeumewolucji.pl\/?page_id=9016#primaryimage"},"thumbnailUrl":"https:\/\/muzeumewolucji.pl\/wp-content\/uploads\/2026\/03\/Microraptor_gui_holotype-1024x524.png","datePublished":"2026-03-25T08:59:55+00:00","dateModified":"2026-03-25T09:17:27+00:00","breadcrumb":{"@id":"https:\/\/muzeumewolucji.pl\/?page_id=9016#breadcrumb"},"inLanguage":"pl-PL","potentialAction":[{"@type":"ReadAction","target":["https:\/\/muzeumewolucji.pl\/?page_id=9016"]}]},{"@type":"ImageObject","inLanguage":"pl-PL","@id":"https:\/\/muzeumewolucji.pl\/?page_id=9016#primaryimage","url":"https:\/\/i0.wp.com\/muzeumewolucji.pl\/wp-content\/uploads\/2026\/03\/Microraptor_gui_holotype.png?fit=1280%2C655&ssl=1","contentUrl":"https:\/\/i0.wp.com\/muzeumewolucji.pl\/wp-content\/uploads\/2026\/03\/Microraptor_gui_holotype.png?fit=1280%2C655&ssl=1","width":1280,"height":655,"caption":"Czarny szkielet ma\u0142ego dinozaura z wyra\u017anynie zachowanymi pi\u00f3rami na przednich i tylnych ko\u0144czynach i d\u0142ugim ogonie. Microraptor_gui_holotype"},{"@type":"BreadcrumbList","@id":"https:\/\/muzeumewolucji.pl\/?page_id=9016#breadcrumb","itemListElement":[{"@type":"ListItem","position":1,"name":"Home","item":"https:\/\/muzeumewolucji.pl\/"},{"@type":"ListItem","position":2,"name":"Sekrety dinozaurzych pi\u00f3r"}]},{"@type":"WebSite","@id":"https:\/\/muzeumewolucji.pl\/#website","url":"https:\/\/muzeumewolucji.pl\/","name":"Muzeum Ewolucji Instytutu Paleobiologii PAN","description":"Popularyzujemy wiedz\u0119 o ewolucji \u017cycia na Ziemi","publisher":{"@id":"https:\/\/muzeumewolucji.pl\/#organization"},"potentialAction":[{"@type":"SearchAction","target":{"@type":"EntryPoint","urlTemplate":"https:\/\/muzeumewolucji.pl\/?s={search_term_string}"},"query-input":{"@type":"PropertyValueSpecification","valueRequired":true,"valueName":"search_term_string"}}],"inLanguage":"pl-PL"},{"@type":"Organization","@id":"https:\/\/muzeumewolucji.pl\/#organization","name":"Muzeum Ewolucji Instytutu Paleobiologii PAN","url":"https:\/\/muzeumewolucji.pl\/","logo":{"@type":"ImageObject","inLanguage":"pl-PL","@id":"https:\/\/muzeumewolucji.pl\/#\/schema\/logo\/image\/","url":"https:\/\/i0.wp.com\/muzeumewolucji.pl\/wp-content\/uploads\/2025\/10\/D-ME-logo-2025.png?fit=450%2C171&ssl=1","contentUrl":"https:\/\/i0.wp.com\/muzeumewolucji.pl\/wp-content\/uploads\/2025\/10\/D-ME-logo-2025.png?fit=450%2C171&ssl=1","width":450,"height":171,"caption":"Muzeum Ewolucji Instytutu Paleobiologii PAN"},"image":{"@id":"https:\/\/muzeumewolucji.pl\/#\/schema\/logo\/image\/"}}]}},"jetpack_sharing_enabled":true,"_links":{"self":[{"href":"https:\/\/muzeumewolucji.pl\/index.php?rest_route=\/wp\/v2\/pages\/9016","targetHints":{"allow":["GET"]}}],"collection":[{"href":"https:\/\/muzeumewolucji.pl\/index.php?rest_route=\/wp\/v2\/pages"}],"about":[{"href":"https:\/\/muzeumewolucji.pl\/index.php?rest_route=\/wp\/v2\/types\/page"}],"author":[{"embeddable":true,"href":"https:\/\/muzeumewolucji.pl\/index.php?rest_route=\/wp\/v2\/users\/3"}],"replies":[{"embeddable":true,"href":"https:\/\/muzeumewolucji.pl\/index.php?rest_route=%2Fwp%2Fv2%2Fcomments&post=9016"}],"version-history":[{"count":10,"href":"https:\/\/muzeumewolucji.pl\/index.php?rest_route=\/wp\/v2\/pages\/9016\/revisions"}],"predecessor-version":[{"id":9028,"href":"https:\/\/muzeumewolucji.pl\/index.php?rest_route=\/wp\/v2\/pages\/9016\/revisions\/9028"}],"wp:attachment":[{"href":"https:\/\/muzeumewolucji.pl\/index.php?rest_route=%2Fwp%2Fv2%2Fmedia&parent=9016"}],"curies":[{"name":"wp","href":"https:\/\/api.w.org\/{rel}","templated":true}]}}