{"id":1794,"date":"2020-10-08T16:41:31","date_gmt":"2020-10-08T14:41:31","guid":{"rendered":"https:\/\/muzeumewolucji.pl\/?page_id=1794"},"modified":"2026-04-01T11:39:17","modified_gmt":"2026-04-01T09:39:17","slug":"klub-mlodego-paleontologa","status":"publish","type":"page","link":"https:\/\/muzeumewolucji.pl\/?page_id=1794","title":{"rendered":"Klub M\u0142odego Paleontologa"},"content":{"rendered":"\t\t<div data-elementor-type=\"wp-page\" data-elementor-id=\"1794\" class=\"elementor elementor-1794\">\n\t\t\t\t\t\t\t\t\t<section class=\"elementor-section elementor-top-section elementor-element elementor-element-5e8a5136 elementor-section-boxed elementor-section-height-default elementor-section-height-default\" data-id=\"5e8a5136\" data-element_type=\"section\">\n\t\t\t\t\t\t<div class=\"elementor-container elementor-column-gap-default\">\n\t\t\t\t\t<div class=\"elementor-column elementor-col-100 elementor-top-column elementor-element elementor-element-2a87c3c7\" data-id=\"2a87c3c7\" data-element_type=\"column\">\n\t\t\t<div class=\"elementor-widget-wrap elementor-element-populated\">\n\t\t\t\t\t\t\t\t<div class=\"elementor-element elementor-element-7ab35fcc elementor-widget elementor-widget-heading\" data-id=\"7ab35fcc\" data-element_type=\"widget\" data-widget_type=\"heading.default\">\n\t\t\t\t<div class=\"elementor-widget-container\">\n\t\t\t<h3 class=\"elementor-heading-title elementor-size-large\">Klub M\u0142odego Paleontologa<\/h3>\t\t<\/div>\n\t\t\t\t<\/div>\n\t\t\t\t\t<\/div>\n\t\t<\/div>\n\t\t\t\t\t\t\t<\/div>\n\t\t<\/section>\n\t\t\t\t<section class=\"elementor-section elementor-top-section elementor-element elementor-element-a43a30c elementor-section-boxed elementor-section-height-default elementor-section-height-default\" data-id=\"a43a30c\" data-element_type=\"section\">\n\t\t\t\t\t\t<div class=\"elementor-container elementor-column-gap-default\">\n\t\t\t\t\t<div class=\"elementor-column elementor-col-100 elementor-top-column elementor-element elementor-element-72c6332\" data-id=\"72c6332\" data-element_type=\"column\">\n\t\t\t<div class=\"elementor-widget-wrap elementor-element-populated\">\n\t\t\t\t\t\t\t\t<div class=\"elementor-element elementor-element-55d07d4 elementor-widget elementor-widget-text-editor\" data-id=\"55d07d4\" data-element_type=\"widget\" data-widget_type=\"text-editor.default\">\n\t\t\t\t<div class=\"elementor-widget-container\">\n\t\t\t\t\t\t\t<h5>\u00a0<\/h5><h5><strong>Uwaga, w kwietniu 2026 r. zaj\u0119cia Klubu odb\u0119d\u0105 si\u0119 8.04.<\/strong><\/h5><p>Zaj\u0119cia Klubu s\u0105 przeznaczone dla dzieci w wieku od 6 do 10 lat.<\/p><p>Spotkania zazwyczaj odbywaj\u0105 si\u0119 w Muzeum Ewolucji <span style=\"text-decoration: underline;\"><strong>w pierwsz\u0105 \u015brod\u0119 miesi\u0105ca<\/strong><\/span> i trwaj\u0105 od godziny 16.00 do 17.00.<\/p><p>W wakacje i ferie zaj\u0119cia nie s\u0105 prowadzone.<\/p><p>Udzia\u0142 w zaj\u0119ciach jest bezp\u0142atny. Nie ma konieczno\u015bci wcze\u015bniejszego zapisu, mo\u017cna to zrobi\u0107 przed zaj\u0119ciami. Uprzejmie prosimy o zapoznanie si\u0119 z Regulaminem Klubu (<a href=\"https:\/\/muzeumewolucji.pl\/wp-content\/uploads\/2025\/10\/Klub-Mlodego-Paleontologa-Regulamin.pdf\" target=\"_blank\" rel=\"noopener\">link<\/a>).<\/p><p>Uczestnicy spotykaj\u0105 si\u0119 z prowadz\u0105cym przed wej\u015bciem do Pa\u0142acu M\u0142odzie\u017cy, sk\u0105d przechodz\u0105 do Muzeum bez rodzic\u00f3w\/opiekun\u00f3w. Odbi\u00f3r dzieci po zaj\u0119ciach b\u0119dzie tak\u017ce sprzed Pa\u0142acu M\u0142odzie\u017cy.<\/p><p>\u017byczymy mile sp\u0119dzonego czasu!<\/p>\t\t\t\t\t\t<\/div>\n\t\t\t\t<\/div>\n\t\t\t\t\t<\/div>\n\t\t<\/div>\n\t\t\t\t\t\t\t<\/div>\n\t\t<\/section>\n\t\t\t\t<section class=\"elementor-section elementor-top-section elementor-element elementor-element-5160d38 elementor-section-boxed elementor-section-height-default elementor-section-height-default\" data-id=\"5160d38\" data-element_type=\"section\">\n\t\t\t\t\t\t<div class=\"elementor-container elementor-column-gap-default\">\n\t\t\t\t\t<div class=\"elementor-column elementor-col-100 elementor-top-column elementor-element elementor-element-0122005\" data-id=\"0122005\" data-element_type=\"column\">\n\t\t\t<div class=\"elementor-widget-wrap elementor-element-populated\">\n\t\t\t\t\t\t\t\t<div class=\"elementor-element elementor-element-f19e351 elementor-widget elementor-widget-image\" data-id=\"f19e351\" data-element_type=\"widget\" data-widget_type=\"image.default\">\n\t\t\t\t<div class=\"elementor-widget-container\">\n\t\t\t\t\t\t\t\t\t\t\t\t\t\t\t<img fetchpriority=\"high\" decoding=\"async\" width=\"800\" height=\"534\" src=\"https:\/\/i0.wp.com\/muzeumewolucji.pl\/wp-content\/uploads\/2020\/10\/tarbo-black-m.jpg?fit=800%2C534&amp;ssl=1\" class=\"attachment-large size-large wp-image-1777\" alt=\"\" srcset=\"https:\/\/i0.wp.com\/muzeumewolucji.pl\/wp-content\/uploads\/2020\/10\/tarbo-black-m.jpg?w=1200&amp;ssl=1 1200w, https:\/\/i0.wp.com\/muzeumewolucji.pl\/wp-content\/uploads\/2020\/10\/tarbo-black-m.jpg?resize=300%2C200&amp;ssl=1 300w, https:\/\/i0.wp.com\/muzeumewolucji.pl\/wp-content\/uploads\/2020\/10\/tarbo-black-m.jpg?resize=1024%2C683&amp;ssl=1 1024w, https:\/\/i0.wp.com\/muzeumewolucji.pl\/wp-content\/uploads\/2020\/10\/tarbo-black-m.jpg?resize=768%2C512&amp;ssl=1 768w\" sizes=\"(max-width: 800px) 100vw, 800px\" \/>\t\t\t\t\t\t\t\t\t\t\t\t\t\t\t<\/div>\n\t\t\t\t<\/div>\n\t\t\t\t\t<\/div>\n\t\t<\/div>\n\t\t\t\t\t\t\t<\/div>\n\t\t<\/section>\n\t\t\t\t\t\t\t<\/div>\n\t\t","protected":false},"excerpt":{"rendered":"<p>Klub M\u0142odego Paleontologa \u00a0 Uwaga, w kwietniu 2026 r. zaj\u0119cia Klubu odb\u0119d\u0105 si\u0119 8.04. Zaj\u0119cia Klubu s\u0105 przeznaczone dla dzieci<\/p>\n","protected":false},"author":3,"featured_media":0,"parent":0,"menu_order":0,"comment_status":"closed","ping_status":"closed","template":"","meta":{"footnotes":""},"class_list":["post-1794","page","type-page","status-publish","hentry"],"yoast_head":"<!-- This site is optimized with the Yoast SEO plugin v26.8 - https:\/\/yoast.com\/product\/yoast-seo-wordpress\/ -->\n<title>Klub M\u0142odego Paleontologa - Muzeum Ewolucji Instytutu Paleobiologii PAN<\/title>\n<meta name=\"robots\" content=\"index, follow, max-snippet:-1, max-image-preview:large, max-video-preview:-1\" \/>\n<link rel=\"canonical\" href=\"https:\/\/muzeumewolucji.pl\/?page_id=1794\" \/>\n<meta property=\"og:locale\" content=\"pl_PL\" \/>\n<meta property=\"og:type\" content=\"article\" \/>\n<meta property=\"og:title\" content=\"Klub M\u0142odego Paleontologa - Muzeum Ewolucji Instytutu Paleobiologii PAN\" \/>\n<meta property=\"og:description\" content=\"Klub M\u0142odego Paleontologa \u00a0 Uwaga, w kwietniu 2026 r. zaj\u0119cia Klubu odb\u0119d\u0105 si\u0119 8.04. Zaj\u0119cia Klubu s\u0105 przeznaczone dla dzieci\" \/>\n<meta property=\"og:url\" content=\"https:\/\/muzeumewolucji.pl\/?page_id=1794\" \/>\n<meta property=\"og:site_name\" content=\"Muzeum Ewolucji Instytutu Paleobiologii PAN\" \/>\n<meta property=\"article:modified_time\" content=\"2026-04-01T09:39:17+00:00\" \/>\n<meta property=\"og:image\" content=\"https:\/\/muzeumewolucji.pl\/wp-content\/uploads\/2020\/10\/tarbo-black-m-1024x683.jpg\" \/>\n<meta name=\"twitter:card\" content=\"summary_large_image\" \/>\n<meta name=\"twitter:label1\" content=\"Szacowany czas czytania\" \/>\n\t<meta name=\"twitter:data1\" content=\"1 minuta\" \/>\n<script type=\"application\/ld+json\" class=\"yoast-schema-graph\">{\"@context\":\"https:\/\/schema.org\",\"@graph\":[{\"@type\":\"WebPage\",\"@id\":\"https:\/\/muzeumewolucji.pl\/?page_id=1794\",\"url\":\"https:\/\/muzeumewolucji.pl\/?page_id=1794\",\"name\":\"Klub M\u0142odego Paleontologa - Muzeum Ewolucji Instytutu Paleobiologii PAN\",\"isPartOf\":{\"@id\":\"https:\/\/muzeumewolucji.pl\/#website\"},\"primaryImageOfPage\":{\"@id\":\"https:\/\/muzeumewolucji.pl\/?page_id=1794#primaryimage\"},\"image\":{\"@id\":\"https:\/\/muzeumewolucji.pl\/?page_id=1794#primaryimage\"},\"thumbnailUrl\":\"https:\/\/muzeumewolucji.pl\/wp-content\/uploads\/2020\/10\/tarbo-black-m-1024x683.jpg\",\"datePublished\":\"2020-10-08T14:41:31+00:00\",\"dateModified\":\"2026-04-01T09:39:17+00:00\",\"breadcrumb\":{\"@id\":\"https:\/\/muzeumewolucji.pl\/?page_id=1794#breadcrumb\"},\"inLanguage\":\"pl-PL\",\"potentialAction\":[{\"@type\":\"ReadAction\",\"target\":[\"https:\/\/muzeumewolucji.pl\/?page_id=1794\"]}]},{\"@type\":\"ImageObject\",\"inLanguage\":\"pl-PL\",\"@id\":\"https:\/\/muzeumewolucji.pl\/?page_id=1794#primaryimage\",\"url\":\"https:\/\/i0.wp.com\/muzeumewolucji.pl\/wp-content\/uploads\/2020\/10\/tarbo-black-m.jpg?fit=1200%2C800&ssl=1\",\"contentUrl\":\"https:\/\/i0.wp.com\/muzeumewolucji.pl\/wp-content\/uploads\/2020\/10\/tarbo-black-m.jpg?fit=1200%2C800&ssl=1\",\"width\":1200,\"height\":800},{\"@type\":\"BreadcrumbList\",\"@id\":\"https:\/\/muzeumewolucji.pl\/?page_id=1794#breadcrumb\",\"itemListElement\":[{\"@type\":\"ListItem\",\"position\":1,\"name\":\"Home\",\"item\":\"https:\/\/muzeumewolucji.pl\/\"},{\"@type\":\"ListItem\",\"position\":2,\"name\":\"Klub M\u0142odego Paleontologa\"}]},{\"@type\":\"WebSite\",\"@id\":\"https:\/\/muzeumewolucji.pl\/#website\",\"url\":\"https:\/\/muzeumewolucji.pl\/\",\"name\":\"Muzeum Ewolucji Instytutu Paleobiologii PAN\",\"description\":\"Popularyzujemy wiedz\u0119 o ewolucji \u017cycia na Ziemi\",\"publisher\":{\"@id\":\"https:\/\/muzeumewolucji.pl\/#organization\"},\"potentialAction\":[{\"@type\":\"SearchAction\",\"target\":{\"@type\":\"EntryPoint\",\"urlTemplate\":\"https:\/\/muzeumewolucji.pl\/?s={search_term_string}\"},\"query-input\":{\"@type\":\"PropertyValueSpecification\",\"valueRequired\":true,\"valueName\":\"search_term_string\"}}],\"inLanguage\":\"pl-PL\"},{\"@type\":\"Organization\",\"@id\":\"https:\/\/muzeumewolucji.pl\/#organization\",\"name\":\"Muzeum Ewolucji Instytutu Paleobiologii PAN\",\"url\":\"https:\/\/muzeumewolucji.pl\/\",\"logo\":{\"@type\":\"ImageObject\",\"inLanguage\":\"pl-PL\",\"@id\":\"https:\/\/muzeumewolucji.pl\/#\/schema\/logo\/image\/\",\"url\":\"https:\/\/i0.wp.com\/muzeumewolucji.pl\/wp-content\/uploads\/2025\/10\/D-ME-logo-2025.png?fit=450%2C171&ssl=1\",\"contentUrl\":\"https:\/\/i0.wp.com\/muzeumewolucji.pl\/wp-content\/uploads\/2025\/10\/D-ME-logo-2025.png?fit=450%2C171&ssl=1\",\"width\":450,\"height\":171,\"caption\":\"Muzeum Ewolucji Instytutu Paleobiologii PAN\"},\"image\":{\"@id\":\"https:\/\/muzeumewolucji.pl\/#\/schema\/logo\/image\/\"}}]}<\/script>\n<!-- \/ Yoast SEO plugin. -->","yoast_head_json":{"title":"Klub M\u0142odego Paleontologa - Muzeum Ewolucji Instytutu Paleobiologii PAN","robots":{"index":"index","follow":"follow","max-snippet":"max-snippet:-1","max-image-preview":"max-image-preview:large","max-video-preview":"max-video-preview:-1"},"canonical":"https:\/\/muzeumewolucji.pl\/?page_id=1794","og_locale":"pl_PL","og_type":"article","og_title":"Klub M\u0142odego Paleontologa - Muzeum Ewolucji Instytutu Paleobiologii PAN","og_description":"Klub M\u0142odego Paleontologa \u00a0 Uwaga, w kwietniu 2026 r. zaj\u0119cia Klubu odb\u0119d\u0105 si\u0119 8.04. Zaj\u0119cia Klubu s\u0105 przeznaczone dla dzieci","og_url":"https:\/\/muzeumewolucji.pl\/?page_id=1794","og_site_name":"Muzeum Ewolucji Instytutu Paleobiologii PAN","article_modified_time":"2026-04-01T09:39:17+00:00","og_image":[{"url":"https:\/\/muzeumewolucji.pl\/wp-content\/uploads\/2020\/10\/tarbo-black-m-1024x683.jpg","type":"","width":"","height":""}],"twitter_card":"summary_large_image","twitter_misc":{"Szacowany czas czytania":"1 minuta"},"schema":{"@context":"https:\/\/schema.org","@graph":[{"@type":"WebPage","@id":"https:\/\/muzeumewolucji.pl\/?page_id=1794","url":"https:\/\/muzeumewolucji.pl\/?page_id=1794","name":"Klub M\u0142odego Paleontologa - Muzeum Ewolucji Instytutu Paleobiologii PAN","isPartOf":{"@id":"https:\/\/muzeumewolucji.pl\/#website"},"primaryImageOfPage":{"@id":"https:\/\/muzeumewolucji.pl\/?page_id=1794#primaryimage"},"image":{"@id":"https:\/\/muzeumewolucji.pl\/?page_id=1794#primaryimage"},"thumbnailUrl":"https:\/\/muzeumewolucji.pl\/wp-content\/uploads\/2020\/10\/tarbo-black-m-1024x683.jpg","datePublished":"2020-10-08T14:41:31+00:00","dateModified":"2026-04-01T09:39:17+00:00","breadcrumb":{"@id":"https:\/\/muzeumewolucji.pl\/?page_id=1794#breadcrumb"},"inLanguage":"pl-PL","potentialAction":[{"@type":"ReadAction","target":["https:\/\/muzeumewolucji.pl\/?page_id=1794"]}]},{"@type":"ImageObject","inLanguage":"pl-PL","@id":"https:\/\/muzeumewolucji.pl\/?page_id=1794#primaryimage","url":"https:\/\/i0.wp.com\/muzeumewolucji.pl\/wp-content\/uploads\/2020\/10\/tarbo-black-m.jpg?fit=1200%2C800&ssl=1","contentUrl":"https:\/\/i0.wp.com\/muzeumewolucji.pl\/wp-content\/uploads\/2020\/10\/tarbo-black-m.jpg?fit=1200%2C800&ssl=1","width":1200,"height":800},{"@type":"BreadcrumbList","@id":"https:\/\/muzeumewolucji.pl\/?page_id=1794#breadcrumb","itemListElement":[{"@type":"ListItem","position":1,"name":"Home","item":"https:\/\/muzeumewolucji.pl\/"},{"@type":"ListItem","position":2,"name":"Klub M\u0142odego Paleontologa"}]},{"@type":"WebSite","@id":"https:\/\/muzeumewolucji.pl\/#website","url":"https:\/\/muzeumewolucji.pl\/","name":"Muzeum Ewolucji Instytutu Paleobiologii PAN","description":"Popularyzujemy wiedz\u0119 o ewolucji \u017cycia na Ziemi","publisher":{"@id":"https:\/\/muzeumewolucji.pl\/#organization"},"potentialAction":[{"@type":"SearchAction","target":{"@type":"EntryPoint","urlTemplate":"https:\/\/muzeumewolucji.pl\/?s={search_term_string}"},"query-input":{"@type":"PropertyValueSpecification","valueRequired":true,"valueName":"search_term_string"}}],"inLanguage":"pl-PL"},{"@type":"Organization","@id":"https:\/\/muzeumewolucji.pl\/#organization","name":"Muzeum Ewolucji Instytutu Paleobiologii PAN","url":"https:\/\/muzeumewolucji.pl\/","logo":{"@type":"ImageObject","inLanguage":"pl-PL","@id":"https:\/\/muzeumewolucji.pl\/#\/schema\/logo\/image\/","url":"https:\/\/i0.wp.com\/muzeumewolucji.pl\/wp-content\/uploads\/2025\/10\/D-ME-logo-2025.png?fit=450%2C171&ssl=1","contentUrl":"https:\/\/i0.wp.com\/muzeumewolucji.pl\/wp-content\/uploads\/2025\/10\/D-ME-logo-2025.png?fit=450%2C171&ssl=1","width":450,"height":171,"caption":"Muzeum Ewolucji Instytutu Paleobiologii PAN"},"image":{"@id":"https:\/\/muzeumewolucji.pl\/#\/schema\/logo\/image\/"}}]}},"jetpack_sharing_enabled":true,"_links":{"self":[{"href":"https:\/\/muzeumewolucji.pl\/index.php?rest_route=\/wp\/v2\/pages\/1794","targetHints":{"allow":["GET"]}}],"collection":[{"href":"https:\/\/muzeumewolucji.pl\/index.php?rest_route=\/wp\/v2\/pages"}],"about":[{"href":"https:\/\/muzeumewolucji.pl\/index.php?rest_route=\/wp\/v2\/types\/page"}],"author":[{"embeddable":true,"href":"https:\/\/muzeumewolucji.pl\/index.php?rest_route=\/wp\/v2\/users\/3"}],"replies":[{"embeddable":true,"href":"https:\/\/muzeumewolucji.pl\/index.php?rest_route=%2Fwp%2Fv2%2Fcomments&post=1794"}],"version-history":[{"count":155,"href":"https:\/\/muzeumewolucji.pl\/index.php?rest_route=\/wp\/v2\/pages\/1794\/revisions"}],"predecessor-version":[{"id":9091,"href":"https:\/\/muzeumewolucji.pl\/index.php?rest_route=\/wp\/v2\/pages\/1794\/revisions\/9091"}],"wp:attachment":[{"href":"https:\/\/muzeumewolucji.pl\/index.php?rest_route=%2Fwp%2Fv2%2Fmedia&parent=1794"}],"curies":[{"name":"wp","href":"https:\/\/api.w.org\/{rel}","templated":true}]}}